{"id":36,"date":"2026-04-25T04:21:36","date_gmt":"2026-04-25T04:21:36","guid":{"rendered":"https:\/\/hello88.builders\/?page_id=36"},"modified":"2026-04-25T04:31:26","modified_gmt":"2026-04-25T04:31:26","slug":"world-cup-26","status":"publish","type":"page","link":"https:\/\/hello88.builders\/index.php\/world-cup-26\/","title":{"rendered":"World Cup 26"},"content":{"rendered":"<h1 data-start=\"154\" data-end=\"238\"><span class=\"ez-toc-section\" id=\"World_Cup_2026_Tong_Quan_Giai_Dau_Va_Nhung_Keo_Ca_Cuoc_Hap_Dan_Tai_Nha_Cai_VN88\"><\/span><strong data-start=\"154\" data-end=\"238\">World Cup 2026: T\u1ed5ng Quan Gi\u1ea3i \u0110\u1ea5u V\u00e0 Nh\u1eefng K\u00e8o C\u00e1 C\u01b0\u1ee3c H\u1ea5p D\u1eabn T\u1ea1i Nh\u00e0 C\u00e1i VN88<\/strong><span class=\"ez-toc-section-end\"><\/span><\/h1>\n<p data-start=\"240\" data-end=\"612\">World Cup 2026 \u0111ang tr\u1edf th\u00e0nh t\u00e2m \u0111i\u1ec3m ch\u00fa \u00fd c\u1ee7a ng\u01b0\u1eddi h\u00e2m m\u1ed9 b\u00f3ng \u0111\u00e1 to\u00e0n c\u1ea7u. \u0110\u00e2y kh\u00f4ng ch\u1ec9 l\u00e0 ng\u00e0y h\u1ed9i th\u1ec3 thao l\u1edbn nh\u1ea5t h\u00e0nh tinh m\u00e0 c\u00f2n l\u00e0 c\u01a1 h\u1ed9i v\u00e0ng cho nh\u1eefng ai \u0111am m\u00ea c\u00e1 c\u01b0\u1ee3c th\u1ec3 thao. V\u1edbi s\u1ef1 thay \u0111\u1ed5i v\u1ec1 th\u1ec3 th\u1ee9c thi \u0111\u1ea5u c\u00f9ng s\u1ef1 g\u00f3p m\u1eb7t c\u1ee7a nhi\u1ec1u \u0111\u1ed9i tuy\u1ec3n m\u1ea1nh, World Cup 2026 h\u1ee9a h\u1eb9n mang \u0111\u1ebfn nh\u1eefng tr\u1eadn c\u1ea7u k\u1ecbch t\u00ednh v\u00e0 v\u00f4 s\u1ed1 k\u00e8o c\u01b0\u1ee3c h\u1ea5p d\u1eabn t\u1ea1i nh\u00e0 c\u00e1i VN88.<\/p><div id=\"ez-toc-container\" class=\"ez-toc-v2_0_82_2 counter-hierarchy ez-toc-counter ez-toc-custom ez-toc-container-direction\">\n<div class=\"ez-toc-title-container\">\n<p class=\"ez-toc-title\" style=\"cursor:inherit\">N\u1ed9i dung b\u00e0i vi\u1ebft<\/p>\n<span class=\"ez-toc-title-toggle\"><a href=\"#\" class=\"ez-toc-pull-right ez-toc-btn ez-toc-btn-xs ez-toc-btn-default ez-toc-toggle\" aria-label=\"Toggle Table of Content\"><span class=\"ez-toc-js-icon-con\"><span class=\"\"><span class=\"eztoc-hide\" style=\"display:none;\">Toggle<\/span><span class=\"ez-toc-icon-toggle-span\"><svg style=\"fill: #eeee22;color:#eeee22\" xmlns=\"http:\/\/www.w3.org\/2000\/svg\" class=\"list-377408\" width=\"20px\" height=\"20px\" viewBox=\"0 0 24 24\" fill=\"none\"><path d=\"M6 6H4v2h2V6zm14 0H8v2h12V6zM4 11h2v2H4v-2zm16 0H8v2h12v-2zM4 16h2v2H4v-2zm16 0H8v2h12v-2z\" fill=\"currentColor\"><\/path><\/svg><svg style=\"fill: #eeee22;color:#eeee22\" class=\"arrow-unsorted-368013\" xmlns=\"http:\/\/www.w3.org\/2000\/svg\" width=\"10px\" height=\"10px\" viewBox=\"0 0 24 24\" version=\"1.2\" baseProfile=\"tiny\"><path d=\"M18.2 9.3l-6.2-6.3-6.2 6.3c-.2.2-.3.4-.3.7s.1.5.3.7c.2.2.4.3.7.3h11c.3 0 .5-.1.7-.3.2-.2.3-.5.3-.7s-.1-.5-.3-.7zM5.8 14.7l6.2 6.3 6.2-6.3c.2-.2.3-.5.3-.7s-.1-.5-.3-.7c-.2-.2-.4-.3-.7-.3h-11c-.3 0-.5.1-.7.3-.2.2-.3.5-.3.7s.1.5.3.7z\"\/><\/svg><\/span><\/span><\/span><\/a><\/span><\/div>\n<nav><ul class='ez-toc-list ez-toc-list-level-1 eztoc-toggle-hide-by-default' ><li class='ez-toc-page-1 ez-toc-heading-level-1'><a class=\"ez-toc-link ez-toc-heading-1\" href=\"https:\/\/hello88.builders\/index.php\/world-cup-26\/#World_Cup_2026_Tong_Quan_Giai_Dau_Va_Nhung_Keo_Ca_Cuoc_Hap_Dan_Tai_Nha_Cai_VN88\" >World Cup 2026: T\u1ed5ng Quan Gi\u1ea3i \u0110\u1ea5u V\u00e0 Nh\u1eefng K\u00e8o C\u00e1 C\u01b0\u1ee3c H\u1ea5p D\u1eabn T\u1ea1i Nh\u00e0 C\u00e1i VN88<\/a><ul class='ez-toc-list-level-2' ><li class='ez-toc-heading-level-2'><a class=\"ez-toc-link ez-toc-heading-2\" href=\"https:\/\/hello88.builders\/index.php\/world-cup-26\/#Tong_quan_ve_World_Cup_2026\" >T\u1ed5ng quan v\u1ec1 World Cup 2026<\/a><ul class='ez-toc-list-level-3' ><li class='ez-toc-heading-level-3'><a class=\"ez-toc-link ez-toc-heading-3\" href=\"https:\/\/hello88.builders\/index.php\/world-cup-26\/#Nhung_doi_tuyen_dang_chu_y\" >Nh\u1eefng \u0111\u1ed9i tuy\u1ec3n \u0111\u00e1ng ch\u00fa \u00fd<\/a><\/li><li class='ez-toc-page-1 ez-toc-heading-level-3'><a class=\"ez-toc-link ez-toc-heading-4\" href=\"https:\/\/hello88.builders\/index.php\/world-cup-26\/#Xu_huong_ca_cuoc_tai_World_Cup_2026\" >Xu h\u01b0\u1edbng c\u00e1 c\u01b0\u1ee3c t\u1ea1i World Cup 2026<\/a><\/li><\/ul><\/li><li class='ez-toc-page-1 ez-toc-heading-level-2'><a class=\"ez-toc-link ez-toc-heading-5\" href=\"https:\/\/hello88.builders\/index.php\/world-cup-26\/#Cac_loai_keo_ca_cuoc_pho_bien_tai_VN88_cho_World_Cup_2026\" >C\u00e1c lo\u1ea1i k\u00e8o c\u00e1 c\u01b0\u1ee3c ph\u1ed5 bi\u1ebfn t\u1ea1i VN88 cho World Cup 2026<\/a><ul class='ez-toc-list-level-3' ><li class='ez-toc-heading-level-3'><a class=\"ez-toc-link ez-toc-heading-6\" href=\"https:\/\/hello88.builders\/index.php\/world-cup-26\/#Keo_chau_A_Handicap\" >K\u00e8o ch\u00e2u \u00c1 (Handicap)<\/a><\/li><li class='ez-toc-page-1 ez-toc-heading-level-3'><a class=\"ez-toc-link ez-toc-heading-7\" href=\"https:\/\/hello88.builders\/index.php\/world-cup-26\/#Keo_chau_Au_1X2\" >K\u00e8o ch\u00e2u \u00c2u (1X2)<\/a><\/li><li class='ez-toc-page-1 ez-toc-heading-level-3'><a class=\"ez-toc-link ez-toc-heading-8\" href=\"https:\/\/hello88.builders\/index.php\/world-cup-26\/#Keo_tai_xiu_OverUnder\" >K\u00e8o t\u00e0i x\u1ec9u (Over\/Under)<\/a><\/li><li class='ez-toc-page-1 ez-toc-heading-level-3'><a class=\"ez-toc-link ez-toc-heading-9\" href=\"https:\/\/hello88.builders\/index.php\/world-cup-26\/#Keo_ty_so_chinh_xac\" >K\u00e8o t\u1ef7 s\u1ed1 ch\u00ednh x\u00e1c<\/a><\/li><li class='ez-toc-page-1 ez-toc-heading-level-3'><a class=\"ez-toc-link ez-toc-heading-10\" href=\"https:\/\/hello88.builders\/index.php\/world-cup-26\/#Keo_vo_dich_World_Cup_2026\" >K\u00e8o v\u00f4 \u0111\u1ecbch World Cup 2026<\/a><\/li><\/ul><\/li><li class='ez-toc-page-1 ez-toc-heading-level-2'><a class=\"ez-toc-link ez-toc-heading-11\" href=\"https:\/\/hello88.builders\/index.php\/world-cup-26\/#Kinh_nghiem_ca_cuoc_World_Cup_2026_hieu_qua_tai_VN88\" >Kinh nghi\u1ec7m c\u00e1 c\u01b0\u1ee3c World Cup 2026 hi\u1ec7u qu\u1ea3 t\u1ea1i VN88<\/a><ul class='ez-toc-list-level-3' ><li class='ez-toc-heading-level-3'><a class=\"ez-toc-link ez-toc-heading-12\" href=\"https:\/\/hello88.builders\/index.php\/world-cup-26\/#Nam_ro_thong_tin_doi_bong\" >N\u1eafm r\u00f5 th\u00f4ng tin \u0111\u1ed9i b\u00f3ng<\/a><\/li><li class='ez-toc-page-1 ez-toc-heading-level-3'><a class=\"ez-toc-link ez-toc-heading-13\" href=\"https:\/\/hello88.builders\/index.php\/world-cup-26\/#Quan_ly_von_hop_ly\" >Qu\u1ea3n l\u00fd v\u1ed1n h\u1ee3p l\u00fd<\/a><\/li><li class='ez-toc-page-1 ez-toc-heading-level-3'><a class=\"ez-toc-link ez-toc-heading-14\" href=\"https:\/\/hello88.builders\/index.php\/world-cup-26\/#Chon_keo_phu_hop\" >Ch\u1ecdn k\u00e8o ph\u00f9 h\u1ee3p<\/a><\/li><li class='ez-toc-page-1 ez-toc-heading-level-3'><a class=\"ez-toc-link ez-toc-heading-15\" href=\"https:\/\/hello88.builders\/index.php\/world-cup-26\/#Theo_doi_bien_dong_ty_le_keo\" >Theo d\u00f5i bi\u1ebfn \u0111\u1ed9ng t\u1ef7 l\u1ec7 k\u00e8o<\/a><\/li><\/ul><\/li><li class='ez-toc-page-1 ez-toc-heading-level-2'><a class=\"ez-toc-link ez-toc-heading-16\" href=\"https:\/\/hello88.builders\/index.php\/world-cup-26\/#Vi_sao_nen_chon_VN88_de_ca_cuoc_World_Cup_2026\" >V\u00ec sao n\u00ean ch\u1ecdn VN88 \u0111\u1ec3 c\u00e1 c\u01b0\u1ee3c World Cup 2026?<\/a><\/li><li class='ez-toc-page-1 ez-toc-heading-level-2'><a class=\"ez-toc-link ez-toc-heading-17\" href=\"https:\/\/hello88.builders\/index.php\/world-cup-26\/#Ket_luan\" >K\u1ebft lu\u1eadn<\/a><\/li><\/ul><\/li><\/ul><\/nav><\/div>\n\n<h2 data-section-id=\"9ycrw0\" data-start=\"614\" data-end=\"645\"><span class=\"ez-toc-section\" id=\"Tong_quan_ve_World_Cup_2026\"><\/span>T\u1ed5ng quan v\u1ec1 World Cup 2026<span class=\"ez-toc-section-end\"><\/span><\/h2>\n<p data-start=\"647\" data-end=\"948\">World Cup 2026 s\u1ebd l\u00e0 k\u1ef3 World Cup \u0111\u1ea7u ti\u00ean c\u00f3 s\u1ef1 tham gia c\u1ee7a 48 \u0111\u1ed9i tuy\u1ec3n, thay v\u00ec 32 \u0111\u1ed9i nh\u01b0 tr\u01b0\u1edbc \u0111\u00e2y. Gi\u1ea3i \u0111\u1ea5u \u0111\u01b0\u1ee3c t\u1ed5 ch\u1ee9c t\u1ea1i ba qu\u1ed1c gia B\u1eafc M\u1ef9 g\u1ed3m M\u1ef9, Canada v\u00e0 Mexico. Vi\u1ec7c m\u1edf r\u1ed9ng s\u1ed1 \u0111\u1ed9i kh\u00f4ng ch\u1ec9 t\u1ea1o c\u01a1 h\u1ed9i cho nhi\u1ec1u qu\u1ed1c gia g\u00f3p m\u1eb7t m\u00e0 c\u00f2n l\u00e0m t\u0103ng t\u00ednh c\u1ea1nh tranh v\u00e0 b\u1ea5t ng\u1edd c\u1ee7a gi\u1ea3i \u0111\u1ea5u.<\/p>\n<p data-start=\"950\" data-end=\"1213\">Th\u1ec3 th\u1ee9c m\u1edbi chia 48 \u0111\u1ed9i th\u00e0nh 12 b\u1ea3ng, m\u1ed7i b\u1ea3ng 4 \u0111\u1ed9i. Hai \u0111\u1ed9i \u0111\u1ee9ng \u0111\u1ea7u m\u1ed7i b\u1ea3ng c\u00f9ng 8 \u0111\u1ed9i x\u1ebfp th\u1ee9 ba c\u00f3 th\u00e0nh t\u00edch t\u1ed1t nh\u1ea5t s\u1ebd b\u01b0\u1edbc v\u00e0o v\u00f2ng knock-out. \u0110i\u1ec1u n\u00e0y \u0111\u1ed3ng ngh\u0129a v\u1edbi vi\u1ec7c s\u1ed1 tr\u1eadn \u0111\u1ea5u s\u1ebd nhi\u1ec1u h\u01a1n, k\u00e9o theo c\u01a1 h\u1ed9i c\u00e1 c\u01b0\u1ee3c c\u0169ng \u0111a d\u1ea1ng h\u01a1n bao gi\u1edd h\u1ebft.<\/p>\n<h3 data-section-id=\"1lkrrtz\" data-start=\"1215\" data-end=\"1245\"><span class=\"ez-toc-section\" id=\"Nhung_doi_tuyen_dang_chu_y\"><\/span>Nh\u1eefng \u0111\u1ed9i tuy\u1ec3n \u0111\u00e1ng ch\u00fa \u00fd<span class=\"ez-toc-section-end\"><\/span><\/h3>\n<p data-start=\"1247\" data-end=\"1447\">World Cup 2026 v\u1eabn s\u1ebd l\u00e0 s\u00e2n ch\u01a1i c\u1ee7a c\u00e1c \u201c\u00f4ng l\u1edbn\u201d nh\u01b0 Brazil, \u0110\u1ee9c, Ph\u00e1p, Argentina hay T\u00e2y Ban Nha. B\u00ean c\u1ea1nh \u0111\u00f3, c\u00e1c \u0111\u1ed9i b\u00f3ng \u0111ang l\u00ean nh\u01b0 Morocco, Nh\u1eadt B\u1ea3n hay M\u1ef9 c\u0169ng \u0111\u01b0\u1ee3c k\u1ef3 v\u1ecdng t\u1ea1o n\u00ean b\u1ea5t ng\u1edd.<\/p>\n<p data-start=\"1449\" data-end=\"1636\">Phong \u0111\u1ed9, l\u1ef1c l\u01b0\u1ee3ng v\u00e0 chi\u1ebfn thu\u1eadt c\u1ee7a c\u00e1c \u0111\u1ed9i s\u1ebd l\u00e0 y\u1ebfu t\u1ed1 quan tr\u1ecdng \u1ea3nh h\u01b0\u1edfng \u0111\u1ebfn t\u1ef7 l\u1ec7 k\u00e8o. Ng\u01b0\u1eddi ch\u01a1i t\u1ea1i VN88 c\u1ea7n theo d\u00f5i s\u00e1t sao th\u00f4ng tin tr\u01b0\u1edbc gi\u1ea3i \u0111\u1ec3 \u0111\u01b0a ra l\u1ef1a ch\u1ecdn ch\u00ednh x\u00e1c.<\/p>\n<h3 data-section-id=\"19ppoxa\" data-start=\"4096\" data-end=\"4135\"><span class=\"ez-toc-section\" id=\"Xu_huong_ca_cuoc_tai_World_Cup_2026\"><\/span>Xu h\u01b0\u1edbng c\u00e1 c\u01b0\u1ee3c t\u1ea1i World Cup 2026<span class=\"ez-toc-section-end\"><\/span><\/h3>\n<p data-start=\"4137\" data-end=\"4305\">V\u1edbi s\u1ef1 ph\u00e1t tri\u1ec3n c\u1ee7a c\u00f4ng ngh\u1ec7, c\u00e1 c\u01b0\u1ee3c tr\u1ef1c tuy\u1ebfn s\u1ebd ti\u1ebfp t\u1ee5c b\u00f9ng n\u1ed5 trong k\u1ef3 World Cup 2026. Ng\u01b0\u1eddi ch\u01a1i c\u00f3 th\u1ec3 \u0111\u1eb7t c\u01b0\u1ee3c ngay tr\u00ean \u0111i\u1ec7n tho\u1ea1i v\u1edbi t\u1ed1c \u0111\u1ed9 nhanh ch\u00f3ng.<\/p>\n<p data-start=\"4307\" data-end=\"4507\">Ngo\u00e0i ra, c\u00e1c k\u00e8o c\u01b0\u1ee3c tr\u1ef1c ti\u1ebfp (live betting) c\u0169ng s\u1ebd r\u1ea5t ph\u1ed5 bi\u1ebfn. Ng\u01b0\u1eddi ch\u01a1i c\u00f3 th\u1ec3 theo d\u00f5i tr\u1eadn \u0111\u1ea5u v\u00e0 \u0111\u1eb7t c\u01b0\u1ee3c ngay khi tr\u1eadn \u0111ang di\u1ec5n ra, t\u1eadn d\u1ee5ng nh\u1eefng thay \u0111\u1ed5i v\u1ec1 th\u1ebf tr\u1eadn \u0111\u1ec3 ki\u1ebfm l\u1ee3i nhu\u1eadn.<\/p>\n<h2 data-section-id=\"1i6hxes\" data-start=\"1638\" data-end=\"1699\"><span class=\"ez-toc-section\" id=\"Cac_loai_keo_ca_cuoc_pho_bien_tai_VN88_cho_World_Cup_2026\"><\/span>C\u00e1c lo\u1ea1i k\u00e8o c\u00e1 c\u01b0\u1ee3c ph\u1ed5 bi\u1ebfn t\u1ea1i VN88 cho World Cup 2026<span class=\"ez-toc-section-end\"><\/span><\/h2>\n<p data-start=\"1701\" data-end=\"1820\">T\u1ea1i VN88, ng\u01b0\u1eddi ch\u01a1i c\u00f3 th\u1ec3 ti\u1ebfp c\u1eadn nhi\u1ec1u lo\u1ea1i k\u00e8o h\u1ea5p d\u1eabn xoay quanh World Cup 2026. D\u01b0\u1edbi \u0111\u00e2y l\u00e0 m\u1ed9t s\u1ed1 k\u00e8o ph\u1ed5 bi\u1ebfn:<\/p>\n<h3 data-start=\"1822\" data-end=\"2072\"><span class=\"ez-toc-section\" id=\"Keo_chau_A_Handicap\"><\/span><strong data-start=\"1822\" data-end=\"1850\">K\u00e8o ch\u00e2u \u00c1 (Handicap)<\/strong><span class=\"ez-toc-section-end\"><\/span><\/h3>\n<p data-start=\"1822\" data-end=\"2072\">\u0110\u00e2y l\u00e0 lo\u1ea1i k\u00e8o quen thu\u1ed9c v\u1edbi ng\u01b0\u1eddi ch\u01a1i Vi\u1ec7t Nam. Nh\u00e0 c\u00e1i s\u1ebd \u0111\u01b0a ra t\u1ef7 l\u1ec7 ch\u1ea5p gi\u1eefa hai \u0111\u1ed9i, gi\u00fap c\u00e2n b\u1eb1ng s\u1ee9c m\u1ea1nh. V\u00ed d\u1ee5, n\u1ebfu \u0111\u1ed9i m\u1ea1nh ch\u1ea5p 1 b\u00e0n, ng\u01b0\u1eddi ch\u01a1i c\u1ea7n \u0111\u1ed9i \u0111\u00f3 th\u1eafng c\u00e1ch bi\u1ec7t t\u1eeb 2 b\u00e0n tr\u1edf l\u00ean \u0111\u1ec3 th\u1eafng k\u00e8o.<\/p>\n<h3 data-start=\"1822\" data-end=\"2072\"><span class=\"ez-toc-section\" id=\"Keo_chau_Au_1X2\"><\/span><strong data-start=\"2074\" data-end=\"2098\">K\u00e8o ch\u00e2u \u00c2u (1X2)<\/strong><span class=\"ez-toc-section-end\"><\/span><\/h3>\n<p data-start=\"2074\" data-end=\"2226\">K\u00e8o n\u00e0y \u0111\u01a1n gi\u1ea3n h\u01a1n v\u1edbi 3 l\u1ef1a ch\u1ecdn: th\u1eafng \u2013 h\u00f2a \u2013 thua. Tuy nhi\u00ean, t\u1ef7 l\u1ec7 \u0103n th\u01b0\u1eddng th\u1ea5p h\u01a1n k\u00e8o ch\u00e2u \u00c1 n\u1ebfu ch\u1ecdn c\u1eeda an to\u00e0n.<\/p>\n<h3 data-start=\"2228\" data-end=\"2396\"><span class=\"ez-toc-section\" id=\"Keo_tai_xiu_OverUnder\"><\/span><strong data-start=\"2228\" data-end=\"2259\">K\u00e8o t\u00e0i x\u1ec9u (Over\/Under)<\/strong><span class=\"ez-toc-section-end\"><\/span><\/h3>\n<p data-start=\"2228\" data-end=\"2396\">Ng\u01b0\u1eddi ch\u01a1i d\u1ef1 \u0111o\u00e1n t\u1ed5ng s\u1ed1 b\u00e0n th\u1eafng trong tr\u1eadn. \u0110\u00e2y l\u00e0 k\u00e8o r\u1ea5t h\u1ea5p d\u1eabn trong c\u00e1c tr\u1eadn c\u00f3 nhi\u1ec1u \u0111\u1ed9i ch\u01a1i t\u1ea5n c\u00f4ng nh\u01b0 Brazil hay Ph\u00e1p.<\/p>\n<h3 data-start=\"2398\" data-end=\"2527\"><span class=\"ez-toc-section\" id=\"Keo_ty_so_chinh_xac\"><\/span><strong data-start=\"2398\" data-end=\"2424\">K\u00e8o t\u1ef7 s\u1ed1 ch\u00ednh x\u00e1c<\/strong><span class=\"ez-toc-section-end\"><\/span><\/h3>\n<p data-start=\"2398\" data-end=\"2527\">\u0110\u00e2y l\u00e0 k\u00e8o kh\u00f3 nh\u01b0ng t\u1ef7 l\u1ec7 th\u01b0\u1edfng cao. N\u1ebfu d\u1ef1 \u0111o\u00e1n \u0111\u00fang t\u1ef7 s\u1ed1, ng\u01b0\u1eddi ch\u01a1i c\u00f3 th\u1ec3 nh\u1eadn l\u1ee3i nhu\u1eadn l\u1edbn.<\/p>\n<h3 data-start=\"2529\" data-end=\"2715\"><span class=\"ez-toc-section\" id=\"Keo_vo_dich_World_Cup_2026\"><\/span><strong data-start=\"2529\" data-end=\"2562\">K\u00e8o v\u00f4 \u0111\u1ecbch World Cup 2026<\/strong><span class=\"ez-toc-section-end\"><\/span><\/h3>\n<p data-start=\"2529\" data-end=\"2715\">Tr\u01b0\u1edbc khi gi\u1ea3i \u0111\u1ea5u di\u1ec5n ra, VN88 s\u1ebd m\u1edf k\u00e8o d\u1ef1 \u0111o\u00e1n \u0111\u1ed9i v\u00f4 \u0111\u1ecbch. \u0110\u00e2y l\u00e0 k\u00e8o d\u00e0i h\u1ea1n, \u0111\u00f2i h\u1ecfi ng\u01b0\u1eddi ch\u01a1i ph\u00e2n t\u00edch s\u00e2u v\u1ec1 l\u1ef1c l\u01b0\u1ee3ng v\u00e0 phong \u0111\u1ed9 c\u00e1c \u0111\u1ed9i.<\/p>\n<h2 data-section-id=\"1pqhber\" data-start=\"2717\" data-end=\"2773\"><span class=\"ez-toc-section\" id=\"Kinh_nghiem_ca_cuoc_World_Cup_2026_hieu_qua_tai_VN88\"><\/span>Kinh nghi\u1ec7m c\u00e1 c\u01b0\u1ee3c World Cup 2026 hi\u1ec7u qu\u1ea3 t\u1ea1i VN88<span class=\"ez-toc-section-end\"><\/span><\/h2>\n<p data-start=\"2775\" data-end=\"2885\">\u0110\u1ec3 t\u0103ng kh\u1ea3 n\u0103ng chi\u1ebfn th\u1eafng khi tham gia c\u00e1 c\u01b0\u1ee3c World Cup 2026, ng\u01b0\u1eddi ch\u01a1i c\u1ea7n l\u01b0u \u00fd m\u1ed9t s\u1ed1 kinh nghi\u1ec7m sau:<\/p>\n<h3 data-start=\"2887\" data-end=\"3087\"><span class=\"ez-toc-section\" id=\"Nam_ro_thong_tin_doi_bong\"><\/span><strong data-start=\"2887\" data-end=\"2916\">N\u1eafm r\u00f5 th\u00f4ng tin \u0111\u1ed9i b\u00f3ng<\/strong><span class=\"ez-toc-section-end\"><\/span><\/h3>\n<p data-start=\"2887\" data-end=\"3087\">Phong \u0111\u1ed9 g\u1ea7n \u0111\u00e2y, \u0111\u1ed9i h\u00ecnh ra s\u00e2n, ch\u1ea5n th\u01b0\u01a1ng hay l\u1ecbch thi \u0111\u1ea5u \u0111\u1ec1u \u1ea3nh h\u01b0\u1edfng \u0111\u1ebfn k\u1ebft qu\u1ea3 tr\u1eadn \u0111\u1ea5u. Vi\u1ec7c c\u1eadp nh\u1eadt th\u00f4ng tin s\u1ebd gi\u00fap b\u1ea1n \u0111\u01b0a ra quy\u1ebft \u0111\u1ecbnh ch\u00ednh x\u00e1c h\u01a1n.<\/p>\n<h3 data-start=\"3089\" data-end=\"3224\"><span class=\"ez-toc-section\" id=\"Quan_ly_von_hop_ly\"><\/span><strong data-start=\"3089\" data-end=\"3111\">Qu\u1ea3n l\u00fd v\u1ed1n h\u1ee3p l\u00fd<\/strong><span class=\"ez-toc-section-end\"><\/span><\/h3>\n<p data-start=\"3089\" data-end=\"3224\">Kh\u00f4ng n\u00ean d\u1ed3n to\u00e0n b\u1ed9 ng\u00e2n s\u00e1ch v\u00e0o m\u1ed9t k\u00e8o duy nh\u1ea5t. H\u00e3y chia nh\u1ecf v\u1ed1n v\u00e0 c\u01b0\u1ee3c theo chi\u1ebfn l\u01b0\u1ee3c \u0111\u1ec3 gi\u1ea3m r\u1ee7i ro.<\/p>\n<h3 data-start=\"3226\" data-end=\"3379\"><span class=\"ez-toc-section\" id=\"Chon_keo_phu_hop\"><\/span><strong data-start=\"3226\" data-end=\"3246\">Ch\u1ecdn k\u00e8o ph\u00f9 h\u1ee3p<\/strong><span class=\"ez-toc-section-end\"><\/span><\/h3>\n<p data-start=\"3226\" data-end=\"3379\">N\u1ebfu b\u1ea1n l\u00e0 ng\u01b0\u1eddi m\u1edbi, n\u00ean b\u1eaft \u0111\u1ea7u v\u1edbi k\u00e8o ch\u00e2u \u00c1 ho\u1eb7c t\u00e0i x\u1ec9u. Nh\u1eefng k\u00e8o nh\u01b0 t\u1ef7 s\u1ed1 ch\u00ednh x\u00e1c ch\u1ec9 ph\u00f9 h\u1ee3p v\u1edbi ng\u01b0\u1eddi c\u00f3 kinh nghi\u1ec7m.<\/p>\n<h3 data-start=\"3381\" data-end=\"3574\"><span class=\"ez-toc-section\" id=\"Theo_doi_bien_dong_ty_le_keo\"><\/span><strong data-start=\"3381\" data-end=\"3413\">Theo d\u00f5i bi\u1ebfn \u0111\u1ed9ng t\u1ef7 l\u1ec7 k\u00e8o<\/strong><span class=\"ez-toc-section-end\"><\/span><\/h3>\n<p data-start=\"3381\" data-end=\"3574\">T\u1ef7 l\u1ec7 k\u00e8o t\u1ea1i VN88 c\u00f3 th\u1ec3 thay \u0111\u1ed5i theo th\u1eddi gian. Nh\u1eefng bi\u1ebfn \u0111\u1ed9ng n\u00e0y ph\u1ea3n \u00e1nh nh\u1eadn \u0111\u1ecbnh c\u1ee7a nh\u00e0 c\u00e1i v\u00e0 th\u1ecb tr\u01b0\u1eddng, t\u1eeb \u0111\u00f3 gi\u00fap b\u1ea1n \u0111\u01b0a ra quy\u1ebft \u0111\u1ecbnh t\u1ed1t h\u01a1n.<\/p>\n<h2 data-section-id=\"d1ayjp\" data-start=\"3576\" data-end=\"3627\"><span class=\"ez-toc-section\" id=\"Vi_sao_nen_chon_VN88_de_ca_cuoc_World_Cup_2026\"><\/span>V\u00ec sao n\u00ean ch\u1ecdn VN88 \u0111\u1ec3 c\u00e1 c\u01b0\u1ee3c World Cup 2026?<span class=\"ez-toc-section-end\"><\/span><\/h2>\n<p data-start=\"3629\" data-end=\"3730\">VN88 l\u00e0 m\u1ed9t trong nh\u1eefng nh\u00e0 c\u00e1i th\u1ec3 thao \u0111\u01b0\u1ee3c nhi\u1ec1u ng\u01b0\u1eddi ch\u01a1i tin t\u01b0\u1edfng. M\u1ed9t s\u1ed1 \u01b0u \u0111i\u1ec3m n\u1ed5i b\u1eadt g\u1ed3m:<\/p>\n<ul data-start=\"3732\" data-end=\"4094\">\n<li data-section-id=\"1qvk5q1\" data-start=\"3732\" data-end=\"3840\"><strong data-start=\"3734\" data-end=\"3759\">T\u1ef7 l\u1ec7 k\u00e8o c\u1ea1nh tranh:<\/strong> VN88 cung c\u1ea5p m\u1ee9c k\u00e8o h\u1ea5p d\u1eabn, c\u1eadp nh\u1eadt nhanh ch\u00f3ng theo di\u1ec5n bi\u1ebfn th\u1ecb tr\u01b0\u1eddng.<\/li>\n<li data-section-id=\"t0fg3\" data-start=\"3841\" data-end=\"3940\"><strong data-start=\"3843\" data-end=\"3871\">\u0110a d\u1ea1ng th\u1ecb tr\u01b0\u1eddng c\u01b0\u1ee3c:<\/strong> T\u1eeb k\u00e8o tr\u1eadn \u0111\u1ea5u, k\u00e8o gi\u1ea3i \u0111\u1ea5u \u0111\u1ebfn c\u00e1c k\u00e8o ph\u1ee5 nh\u01b0 c\u1ea7u th\u1ee7 ghi b\u00e0n.<\/li>\n<li data-section-id=\"146ri3t\" data-start=\"3941\" data-end=\"4022\"><strong data-start=\"3943\" data-end=\"3968\">Giao di\u1ec7n th\u00e2n thi\u1ec7n:<\/strong> D\u1ec5 s\u1eed d\u1ee5ng cho c\u1ea3 ng\u01b0\u1eddi m\u1edbi l\u1eabn ng\u01b0\u1eddi ch\u01a1i l\u00e2u n\u0103m.<\/li>\n<li data-section-id=\"13b8uk5\" data-start=\"4023\" data-end=\"4094\"><strong data-start=\"4025\" data-end=\"4048\">H\u1ed7 tr\u1ee3 nhanh ch\u00f3ng:<\/strong> \u0110\u1ed9i ng\u0169 ch\u0103m s\u00f3c kh\u00e1ch h\u00e0ng ho\u1ea1t \u0111\u1ed9ng 24\/7.<\/li>\n<\/ul>\n<h2 data-section-id=\"1vr32ik\" data-start=\"4509\" data-end=\"4521\"><span class=\"ez-toc-section\" id=\"Ket_luan\"><\/span>K\u1ebft lu\u1eadn<span class=\"ez-toc-section-end\"><\/span><\/h2>\n<p data-start=\"4523\" data-end=\"4766\">World Cup 2026 kh\u00f4ng ch\u1ec9 l\u00e0 s\u1ef1 ki\u1ec7n b\u00f3ng \u0111\u00e1 l\u1edbn nh\u1ea5t h\u00e0nh tinh m\u00e0 c\u00f2n l\u00e0 c\u01a1 h\u1ed9i h\u1ea5p d\u1eabn cho nh\u1eefng ng\u01b0\u1eddi y\u00eau th\u00edch c\u00e1 c\u01b0\u1ee3c th\u1ec3 thao. V\u1edbi s\u1ef1 \u0111a d\u1ea1ng v\u1ec1 k\u00e8o c\u01b0\u1ee3c v\u00e0 n\u1ec1n t\u1ea3ng uy t\u00edn, VN88 mang \u0111\u1ebfn cho ng\u01b0\u1eddi ch\u01a1i tr\u1ea3i nghi\u1ec7m gi\u1ea3i tr\u00ed \u0111\u1ea7y k\u1ecbch t\u00ednh.<\/p>\n<p data-start=\"4768\" data-end=\"5026\">Tuy nhi\u00ean, c\u00e1 c\u01b0\u1ee3c lu\u00f4n ti\u1ec1m \u1ea9n r\u1ee7i ro. Ng\u01b0\u1eddi ch\u01a1i c\u1ea7n gi\u1eef t\u00e2m l\u00fd t\u1ec9nh t\u00e1o, qu\u1ea3n l\u00fd v\u1ed1n h\u1ee3p l\u00fd v\u00e0 xem \u0111\u00e2y l\u00e0 h\u00ecnh th\u1ee9c gi\u1ea3i tr\u00ed thay v\u00ec c\u00e1ch ki\u1ebfm ti\u1ec1n ch\u1eafc ch\u1eafn. N\u1ebfu bi\u1ebft c\u00e1ch ti\u1ebfp c\u1eadn \u0111\u00fang, World Cup 2026 s\u1ebd l\u00e0 m\u00f9a gi\u1ea3i v\u1eeba m\u00e3n nh\u00e3n v\u1eeba \u0111\u1ea7y c\u01a1 h\u1ed9i t\u1ea1i VN88.<\/p>\n","protected":false},"excerpt":{"rendered":"<p>World Cup 2026: T\u1ed5ng Quan Gi\u1ea3i \u0110\u1ea5u V\u00e0 Nh\u1eefng K\u00e8o C\u00e1 C\u01b0\u1ee3c H\u1ea5p D\u1eabn T\u1ea1i Nh\u00e0 C\u00e1i VN88 World Cup 2026 \u0111ang tr\u1edf th\u00e0nh t\u00e2m \u0111i\u1ec3m ch\u00fa \u00fd c\u1ee7a ng\u01b0\u1eddi h\u00e2m m\u1ed9 b\u00f3ng \u0111\u00e1 to\u00e0n c\u1ea7u. \u0110\u00e2y kh\u00f4ng ch\u1ec9 l\u00e0 ng\u00e0y h\u1ed9i th\u1ec3 thao l\u1edbn nh\u1ea5t h\u00e0nh tinh m\u00e0 c\u00f2n l\u00e0 c\u01a1 h\u1ed9i v\u00e0ng cho [&#8230;]\n","protected":false},"author":1,"featured_media":0,"parent":0,"menu_order":0,"comment_status":"closed","ping_status":"closed","template":"","meta":{"footnotes":""},"class_list":["post-36","page","type-page","status-publish","hentry"],"_links":{"self":[{"href":"https:\/\/hello88.builders\/index.php\/wp-json\/wp\/v2\/pages\/36","targetHints":{"allow":["GET"]}}],"collection":[{"href":"https:\/\/hello88.builders\/index.php\/wp-json\/wp\/v2\/pages"}],"about":[{"href":"https:\/\/hello88.builders\/index.php\/wp-json\/wp\/v2\/types\/page"}],"author":[{"embeddable":true,"href":"https:\/\/hello88.builders\/index.php\/wp-json\/wp\/v2\/users\/1"}],"replies":[{"embeddable":true,"href":"https:\/\/hello88.builders\/index.php\/wp-json\/wp\/v2\/comments?post=36"}],"version-history":[{"count":2,"href":"https:\/\/hello88.builders\/index.php\/wp-json\/wp\/v2\/pages\/36\/revisions"}],"predecessor-version":[{"id":44,"href":"https:\/\/hello88.builders\/index.php\/wp-json\/wp\/v2\/pages\/36\/revisions\/44"}],"wp:attachment":[{"href":"https:\/\/hello88.builders\/index.php\/wp-json\/wp\/v2\/media?parent=36"}],"curies":[{"name":"wp","href":"https:\/\/api.w.org\/{rel}","templated":true}]}}